{"id":16074,"date":"2025-03-19T13:27:04","date_gmt":"2025-03-19T13:27:04","guid":{"rendered":"https:\/\/swiftaero.com\/product\/boulons\/"},"modified":"2025-03-19T13:27:04","modified_gmt":"2025-03-19T13:27:04","slug":"boulons","status":"publish","type":"product","link":"https:\/\/swiftaero.com\/fr\/product\/boulons\/","title":{"rendered":"Boulons"},"content":{"rendered":"<p>Nous stockons des boulons en acier et en titane, des camlocs et des Hi-Lok conformes aux normes britanniques, europ\u00e9ennes et am\u00e9ricaines, avec une tra\u00e7abilit\u00e9 compl\u00e8te et un approvisionnement fiable.<\/p>\n","protected":false},"featured_media":11154,"template":"","class_list":["post-16074","product","type-product","status-publish","has-post-thumbnail","hentry"],"acf":[],"aioseo_notices":[],"_links":{"self":[{"href":"https:\/\/swiftaero.com\/fr\/wp-json\/wp\/v2\/product\/16074","targetHints":{"allow":["GET"]}}],"collection":[{"href":"https:\/\/swiftaero.com\/fr\/wp-json\/wp\/v2\/product"}],"about":[{"href":"https:\/\/swiftaero.com\/fr\/wp-json\/wp\/v2\/types\/product"}],"wp:featuredmedia":[{"embeddable":true,"href":"https:\/\/swiftaero.com\/fr\/wp-json\/wp\/v2\/media\/11154"}],"wp:attachment":[{"href":"https:\/\/swiftaero.com\/fr\/wp-json\/wp\/v2\/media?parent=16074"}],"curies":[{"name":"wp","href":"https:\/\/api.w.org\/{rel}","templated":true}]}}