{"id":16072,"date":"2025-03-19T13:28:01","date_gmt":"2025-03-19T13:28:01","guid":{"rendered":"https:\/\/swiftaero.com\/product\/noix\/"},"modified":"2025-03-19T13:28:01","modified_gmt":"2025-03-19T13:28:01","slug":"noix","status":"publish","type":"product","link":"https:\/\/swiftaero.com\/fr\/product\/noix\/","title":{"rendered":"Noix"},"content":{"rendered":"<p>Swift Aerospace stocke des \u00e9crous autobloquants, des \u00e9crous cylindriques, des \u00e9crous \u00e0 pince, des plaques d&rsquo;\u00e9crous, des \u00e9crous K-Fast, des \u00e9crous d&rsquo;ancrage et des \u00e9crous \u00e0 sertir, y compris des \u00e9crous Simmonds et ALCOA.<\/p>\n","protected":false},"featured_media":11158,"template":"","class_list":["post-16072","product","type-product","status-publish","has-post-thumbnail","hentry"],"acf":[],"aioseo_notices":[],"_links":{"self":[{"href":"https:\/\/swiftaero.com\/fr\/wp-json\/wp\/v2\/product\/16072","targetHints":{"allow":["GET"]}}],"collection":[{"href":"https:\/\/swiftaero.com\/fr\/wp-json\/wp\/v2\/product"}],"about":[{"href":"https:\/\/swiftaero.com\/fr\/wp-json\/wp\/v2\/types\/product"}],"wp:featuredmedia":[{"embeddable":true,"href":"https:\/\/swiftaero.com\/fr\/wp-json\/wp\/v2\/media\/11158"}],"wp:attachment":[{"href":"https:\/\/swiftaero.com\/fr\/wp-json\/wp\/v2\/media?parent=16072"}],"curies":[{"name":"wp","href":"https:\/\/api.w.org\/{rel}","templated":true}]}}