{"id":16071,"date":"2025-03-19T13:28:19","date_gmt":"2025-03-19T13:28:19","guid":{"rendered":"https:\/\/swiftaero.com\/product\/rivets\/"},"modified":"2025-11-04T11:34:54","modified_gmt":"2025-11-04T11:34:54","slug":"rivets","status":"publish","type":"product","link":"https:\/\/swiftaero.com\/fr\/product\/rivets\/","title":{"rendered":"Rivets"},"content":{"rendered":"<p>Swift Aerospace stocke une large gamme de rivets a\u00e9ronautiques, y compris des rivets pleins, aveugles et Cherry, r\u00e9pondant \u00e0 toutes les normes et enti\u00e8rement tra\u00e7ables.<\/p>\n","protected":false},"featured_media":11156,"template":"","class_list":["post-16071","product","type-product","status-publish","has-post-thumbnail","hentry"],"acf":[],"aioseo_notices":[],"_links":{"self":[{"href":"https:\/\/swiftaero.com\/fr\/wp-json\/wp\/v2\/product\/16071","targetHints":{"allow":["GET"]}}],"collection":[{"href":"https:\/\/swiftaero.com\/fr\/wp-json\/wp\/v2\/product"}],"about":[{"href":"https:\/\/swiftaero.com\/fr\/wp-json\/wp\/v2\/types\/product"}],"wp:featuredmedia":[{"embeddable":true,"href":"https:\/\/swiftaero.com\/fr\/wp-json\/wp\/v2\/media\/11156"}],"wp:attachment":[{"href":"https:\/\/swiftaero.com\/fr\/wp-json\/wp\/v2\/media?parent=16071"}],"curies":[{"name":"wp","href":"https:\/\/api.w.org\/{rel}","templated":true}]}}