{"id":16070,"date":"2025-03-19T13:30:48","date_gmt":"2025-03-19T13:30:48","guid":{"rendered":"https:\/\/swiftaero.com\/product\/rondelles\/"},"modified":"2025-03-19T13:30:48","modified_gmt":"2025-03-19T13:30:48","slug":"rondelles","status":"publish","type":"product","link":"https:\/\/swiftaero.com\/fr\/product\/rondelles\/","title":{"rendered":"Rondelles"},"content":{"rendered":"<p>Swift Aerospace stocke des rondelles plates, des rondelles-ressorts, des rondelles-agrafes, des rondelles de blocage et des rondelles d&rsquo;\u00e9tanch\u00e9it\u00e9 en aluminium et en acier \u00e0 croissant, toutes enti\u00e8rement tra\u00e7ables.<\/p>\n","protected":false},"featured_media":11165,"template":"","class_list":["post-16070","product","type-product","status-publish","has-post-thumbnail","hentry"],"acf":[],"aioseo_notices":[],"_links":{"self":[{"href":"https:\/\/swiftaero.com\/fr\/wp-json\/wp\/v2\/product\/16070","targetHints":{"allow":["GET"]}}],"collection":[{"href":"https:\/\/swiftaero.com\/fr\/wp-json\/wp\/v2\/product"}],"about":[{"href":"https:\/\/swiftaero.com\/fr\/wp-json\/wp\/v2\/types\/product"}],"wp:featuredmedia":[{"embeddable":true,"href":"https:\/\/swiftaero.com\/fr\/wp-json\/wp\/v2\/media\/11165"}],"wp:attachment":[{"href":"https:\/\/swiftaero.com\/fr\/wp-json\/wp\/v2\/media?parent=16070"}],"curies":[{"name":"wp","href":"https:\/\/api.w.org\/{rel}","templated":true}]}}