{"id":16069,"date":"2025-03-19T13:32:15","date_gmt":"2025-03-19T13:32:15","guid":{"rendered":"https:\/\/swiftaero.com\/product\/paliers\/"},"modified":"2025-03-19T13:32:15","modified_gmt":"2025-03-19T13:32:15","slug":"paliers","status":"publish","type":"product","link":"https:\/\/swiftaero.com\/fr\/product\/paliers\/","title":{"rendered":"Paliers"},"content":{"rendered":"<p>Swift Aerospace stocke une large gamme de roulements a\u00e9ronautiques provenant de fabricants agr\u00e9\u00e9s, conformes aux normes industrielles et enti\u00e8rement tra\u00e7ables.<\/p>\n","protected":false},"featured_media":11153,"template":"","class_list":["post-16069","product","type-product","status-publish","has-post-thumbnail","hentry"],"acf":[],"aioseo_notices":[],"_links":{"self":[{"href":"https:\/\/swiftaero.com\/fr\/wp-json\/wp\/v2\/product\/16069","targetHints":{"allow":["GET"]}}],"collection":[{"href":"https:\/\/swiftaero.com\/fr\/wp-json\/wp\/v2\/product"}],"about":[{"href":"https:\/\/swiftaero.com\/fr\/wp-json\/wp\/v2\/types\/product"}],"wp:featuredmedia":[{"embeddable":true,"href":"https:\/\/swiftaero.com\/fr\/wp-json\/wp\/v2\/media\/11153"}],"wp:attachment":[{"href":"https:\/\/swiftaero.com\/fr\/wp-json\/wp\/v2\/media?parent=16069"}],"curies":[{"name":"wp","href":"https:\/\/api.w.org\/{rel}","templated":true}]}}