{"id":16068,"date":"2025-03-19T13:33:13","date_gmt":"2025-03-19T13:33:13","guid":{"rendered":"https:\/\/swiftaero.com\/product\/epingles\/"},"modified":"2025-11-12T11:22:34","modified_gmt":"2025-11-12T11:22:34","slug":"epingles","status":"publish","type":"product","link":"https:\/\/swiftaero.com\/fr\/product\/epingles\/","title":{"rendered":"\u00c9pingles"},"content":{"rendered":"<p><span>Une large gamme de goupilles est stock\u00e9e chez Swift Aerospace, y compris des goupilles \u00e0 fixation rapide, des goupilles fendues, des goupilles Hi-Lok et des goupilles Pip.<\/span><\/p>\n","protected":false},"featured_media":11159,"template":"","class_list":["post-16068","product","type-product","status-publish","has-post-thumbnail","hentry"],"acf":[],"aioseo_notices":[],"_links":{"self":[{"href":"https:\/\/swiftaero.com\/fr\/wp-json\/wp\/v2\/product\/16068","targetHints":{"allow":["GET"]}}],"collection":[{"href":"https:\/\/swiftaero.com\/fr\/wp-json\/wp\/v2\/product"}],"about":[{"href":"https:\/\/swiftaero.com\/fr\/wp-json\/wp\/v2\/types\/product"}],"wp:featuredmedia":[{"embeddable":true,"href":"https:\/\/swiftaero.com\/fr\/wp-json\/wp\/v2\/media\/11159"}],"wp:attachment":[{"href":"https:\/\/swiftaero.com\/fr\/wp-json\/wp\/v2\/media?parent=16068"}],"curies":[{"name":"wp","href":"https:\/\/api.w.org\/{rel}","templated":true}]}}