{"id":16067,"date":"2025-03-19T13:33:48","date_gmt":"2025-03-19T13:33:48","guid":{"rendered":"https:\/\/swiftaero.com\/product\/divers\/"},"modified":"2025-11-12T11:23:19","modified_gmt":"2025-11-12T11:23:19","slug":"divers","status":"publish","type":"product","link":"https:\/\/swiftaero.com\/fr\/product\/divers\/","title":{"rendered":"Divers"},"content":{"rendered":"<p>Swift Aerospace stocke une large gamme d&rsquo;attaches et de mat\u00e9riel pour l&rsquo;a\u00e9ronautique, y compris des fils de s\u00e9curit\u00e9 et des pi\u00e8ces difficiles \u00e0 trouver.<\/p>\n","protected":false},"featured_media":11157,"template":"","class_list":["post-16067","product","type-product","status-publish","has-post-thumbnail","hentry"],"acf":[],"aioseo_notices":[],"_links":{"self":[{"href":"https:\/\/swiftaero.com\/fr\/wp-json\/wp\/v2\/product\/16067","targetHints":{"allow":["GET"]}}],"collection":[{"href":"https:\/\/swiftaero.com\/fr\/wp-json\/wp\/v2\/product"}],"about":[{"href":"https:\/\/swiftaero.com\/fr\/wp-json\/wp\/v2\/types\/product"}],"wp:featuredmedia":[{"embeddable":true,"href":"https:\/\/swiftaero.com\/fr\/wp-json\/wp\/v2\/media\/11157"}],"wp:attachment":[{"href":"https:\/\/swiftaero.com\/fr\/wp-json\/wp\/v2\/media?parent=16067"}],"curies":[{"name":"wp","href":"https:\/\/api.w.org\/{rel}","templated":true}]}}