{"id":12212,"date":"2025-03-20T09:31:21","date_gmt":"2025-03-20T09:31:21","guid":{"rendered":"https:\/\/swiftaero.com\/controle-des-stocks\/"},"modified":"2025-11-12T11:24:02","modified_gmt":"2025-11-12T11:24:02","slug":"controle-des-stocks","status":"publish","type":"page","link":"https:\/\/swiftaero.com\/fr\/controle-des-stocks\/","title":{"rendered":"Contr\u00f4le des stocks"},"content":{"rendered":"<section class=\"l-section wpb_row height_medium color_alternate with_img\"><div class=\"l-section-img\" role=\"img\" aria-label=\"Image\" data-img-width=\"1600\" data-img-height=\"304\" style=\"background-image: url(https:\/\/swiftaero.com\/wp-content\/uploads\/Header-Parts.jpg);\"><\/div><div class=\"l-section-overlay\" style=\"background:var(--color-transparentblack)\"><\/div><div class=\"l-section-h i-cf\"><div class=\"g-cols vc_row via_flex valign_middle type_default stacking_default\"><div class=\"vc_col-sm-12 wpb_column vc_column_container\"><div class=\"vc_column-inner\"><div class=\"wpb_wrapper\"><div class=\"wpb_text_column us_custom_0620cbd6\"><div class=\"wpb_wrapper\"><h1 style=\"text-align: center;\">Contr\u00f4le des stocks<\/h1>\n<\/div><\/div><div class=\"w-separator center-separator size_small with_line width_30 thick_5 style_solid color_primary align_center\"><div class=\"w-separator-h\"><\/div><\/div><nav class=\"g-breadcrumbs separator_icon align_center\" itemscope itemtype=\"http:\/\/schema.org\/BreadcrumbList\"><div class=\"g-breadcrumbs-item\" itemscope itemprop=\"itemListElement\" itemtype=\"http:\/\/schema.org\/ListItem\"><a itemprop=\"item\" href=\"https:\/\/swiftaero.com\/fr\/\"><span itemprop=\"name\">Accueil<\/span><\/a><meta itemprop=\"position\" content=\"1\"\/><\/div><div class=\"g-breadcrumbs-separator\"><i class=\"far fa-angle-double-right\"><\/i><\/div><div class=\"g-breadcrumbs-item\">Pages<\/div><\/nav><\/div><\/div><\/div><\/div><\/div><\/section><section class=\"l-section wpb_row us_custom_044f310d height_medium\"><div class=\"l-section-h i-cf\"><div class=\"g-cols vc_row via_flex valign_top type_default stacking_default\"><div class=\"vc_col-sm-12 wpb_column vc_column_container\"><div class=\"vc_column-inner\"><div class=\"wpb_wrapper\"><div class=\"wpb_text_column us_custom_16542df6\"><div class=\"wpb_wrapper\"><h2 class=\"entry-title\" style=\"text-align: center;\">V\u00e9rification des stocks de fixations et de quincaillerie pour l&rsquo;a\u00e9ronautique<\/h2>\n<\/div><\/div><div class=\"wpb_text_column us_custom_6632e5b0\"><div class=\"wpb_wrapper\"><p style=\"text-align: center;\">Utilisez notre gestionnaire de stock pour parcourir notre vaste base de donn\u00e9es de fixations et de mat\u00e9riel a\u00e9ronautique. Vous pouvez effectuer une recherche par num\u00e9ro de pi\u00e8ce ou par description de pi\u00e8ce. Si vous avez des questions, veuillez nous contacter et nous nous efforcerons de vous r\u00e9pondre dans les 24 heures.<\/p>\n<\/div><\/div><div class=\"w-separator size_small\"><\/div><div class=\"w-separator size_small\"><\/div><div class=\"wpb_text_column\"><div class=\"wpb_wrapper\">    <table id=\"ipt-stock-table\" class=\"display\" style=\"width:100%\">\n        <thead>\n            <tr>\n                <th>Part Number<\/th>\n                <th>Description<\/th>\n                <th>Stock Quantity<\/th>\n            <\/tr>\n        <\/thead>\n        <tbody><\/tbody>\n    <\/table>\n    <script type=\"text\/javascript\">\n    jQuery(document).ready(function($) {\n        $('#ipt-stock-table').DataTable({\n            processing: true,\n            serverSide: true,\n            ajax: {\n                url: \"https:\/\/swiftaero.com\/wp-admin\/admin-ajax.php\",\n                type: \"POST\",\n                data: {\n                    action: \"ipt_stock_list_data\"\n                }\n            },\n            columns: [\n                { data: \"part_number\" },\n                { data: \"part_description\" },\n                { data: \"quantity\" }\n            ]\n        });\n\n        \/\/ Add placeholder to the search input\n        $('#ipt-stock-table_filter input').attr('placeholder', 'Search by Part Number or Description');\n    });\n    <\/script>\n    \n<\/div><\/div><div class=\"w-separator size_small\"><\/div><\/div><\/div><\/div><\/div><\/div><\/section><section class=\"l-section wpb_row height_medium\"><div class=\"l-section-overlay\" style=\"background:var(--color-lightgraybg)\"><\/div><div class=\"l-section-h i-cf\"><div class=\"g-cols vc_row via_flex valign_middle type_default stacking_default\"><div class=\"vc_col-sm-4 wpb_column vc_column_container\"><div class=\"vc_column-inner\"><div class=\"wpb_wrapper\"><div class=\"w-text eyebrow-header\"><span class=\"w-text-h\"><span class=\"w-text-value\">Besoin d&#039;aide ?<\/span><\/span><\/div><div class=\"wpb_text_column us_custom_d880caad has_text_color\"><div class=\"wpb_wrapper\"><h2>Parlons de vos besoins en mati\u00e8re de fixations et de quincaillerie pour l&rsquo;a\u00e9ronautique<\/h2>\n<\/div><\/div><div class=\"w-separator us_custom_e9778ab9 separator-left us_animate_this size_small with_line width_30 thick_5 style_solid color_secondary align_none\"><div class=\"w-separator-h\"><\/div><\/div><div class=\"wpb_text_column it-ul-check\"><div class=\"wpb_wrapper\"><p>Faites l&rsquo;exp\u00e9rience de l&rsquo;engagement de qualit\u00e9 totale d&rsquo;un fournisseur de premier plan de fixations et de quincaillerie pour a\u00e9ronautique. Contactez-nous pour vos besoins les plus exigeants en mati\u00e8re de fixations et pour des services personnalis\u00e9s de gestion des stocks (VMI).<\/p>\n<\/div><\/div><div class=\"w-socials us_custom_1cc8e136 contact-form-socials color_text shape_circle style_colored hover_fade\" style=\"--gap:0.2em;\"><div class=\"w-socials-list\"><div class=\"w-socials-item linkedin\"><a href=\"https:\/\/uk.linkedin.com\/company\/swift-aerospace\" class=\"w-socials-item-link\" aria-label=\"LinkedIn\"><span class=\"w-socials-item-link-hover\"><\/span><i class=\"fab fa-linkedin\"><\/i><\/a><div class=\"w-socials-item-popup\"><span>LinkedIn<\/span><\/div><\/div><div class=\"w-socials-item email\"><a href=\"mailto:sales@swiftaero.com\" class=\"w-socials-item-link\" aria-label=\"E-mail\"><span class=\"w-socials-item-link-hover\"><\/span><i class=\"fas fa-envelope\"><\/i><\/a><div class=\"w-socials-item-popup\"><span>E-mail<\/span><\/div><\/div><\/div><\/div><\/div><\/div><\/div><div class=\"vc_col-sm-8 wpb_column vc_column_container\"><div class=\"vc_column-inner\"><div class=\"wpb_wrapper\"><div class=\"wpb_text_column us_custom_2eda0feb us_animate_this\"><div class=\"wpb_wrapper\"><div class=\"forminator-ui forminator-custom-form forminator-custom-form-981   forminator_ajax\" data-forminator-render=\"0\" data-form=\"forminator-module-981\" data-uid=\"69e22f4aca92b\"><br\/><\/div><form\n\t\t\t\tid=\"forminator-module-981\"\n\t\t\t\tclass=\"forminator-ui forminator-custom-form forminator-custom-form-981   forminator_ajax\"\n\t\t\t\tmethod=\"post\"\n\t\t\t\tdata-forminator-render=\"0\"\n\t\t\t\tdata-form-id=\"981\"\n\t\t\t\t data-color-option=\"default\" data-design=\"none\" data-grid=\"open\" style=\"display: none;\"\n\t\t\t\tdata-uid=\"69e22f4aca92b\"\n\t\t\t><div role=\"alert\" aria-live=\"polite\" class=\"forminator-response-message forminator-error\" aria-hidden=\"true\"><\/div><div class=\"forminator-row\"><div id=\"name-1\" class=\"forminator-field-name forminator-col forminator-col-6 \"><div class=\"forminator-field\"><input type=\"text\" name=\"name-1\" value=\"\" placeholder=\"Name*\" id=\"forminator-field-name-1_69e22f4aca92b\" class=\"forminator-input forminator-name--field\" aria-required=\"true\" autocomplete=\"name\" \/><\/div><\/div><div id=\"text-1\" class=\"forminator-field-text forminator-col forminator-col-6 \"><div class=\"forminator-field\"><input type=\"text\" name=\"text-1\" value=\"\" placeholder=\"Company Name*\" id=\"forminator-field-text-1_69e22f4aca92b\" class=\"forminator-input forminator-name--field\" data-required=\"1\" \/><\/div><\/div><\/div><div class=\"forminator-row\"><div id=\"email-1\" class=\"forminator-field-email forminator-col forminator-col-6 \"><div class=\"forminator-field\"><input type=\"email\" name=\"email-1\" value=\"\" placeholder=\"Email Address*\" id=\"forminator-field-email-1_69e22f4aca92b\" class=\"forminator-input forminator-email--field\" data-required=\"true\" aria-required=\"true\" autocomplete=\"email\" \/><\/div><\/div><div id=\"phone-1\" class=\"forminator-field-phone forminator-col forminator-col-6 \"><div class=\"forminator-field\"><input type=\"text\" name=\"phone-1\" value=\"\" placeholder=\"Phone Number*\" id=\"forminator-field-phone-1_69e22f4aca92b\" class=\"forminator-input forminator-field--phone\" data-required=\"1\" aria-required=\"true\" autocomplete=\"off\" \/><\/div><\/div><\/div><div class=\"forminator-row\"><div id=\"address-1\" class=\"forminator-field-address forminator-col forminator-col-12 \"><div class=\"forminator-row\"><div id=\"address-1-street_address\" class=\"forminator-col\"><div class=\"forminator-field\"><input type=\"text\" name=\"address-1-street_address\" placeholder=\"Address*\" id=\"forminator-field-address-1-street_address_69e22f4aca92b\" class=\"forminator-input\" data-required=\"1\" aria-required=\"true\" autocomplete=\"address-line1\" value=\"\" \/><\/div><\/div><\/div><\/div><\/div><div class=\"forminator-row\"><div id=\"textarea-1\" class=\"forminator-field-textarea forminator-col forminator-col-12 \"><div class=\"forminator-field\"><textarea name=\"textarea-1\" placeholder=\"Write your message here.*\" id=\"forminator-field-textarea-1_69e22f4aca92b\" class=\"forminator-textarea\" rows=\"6\" style=\"min-height:140px;\" ><\/textarea><\/div><\/div><\/div><div class=\"forminator-row\"><div id=\"consent-1\" class=\"forminator-field-consent forminator-col forminator-col-12 \"><div class=\"forminator-field\"><label for=\"forminator-field-consent-1_69e22f4aca92b\" id=\"forminator-field-consent-1_69e22f4aca92b-label\" class=\"forminator-label\">Consent <span class=\"forminator-required\">*<\/span><\/label><div class=\"forminator-checkbox__wrapper\"><label id=\"forminator-field-consent-1_69e22f4aca92b__label\" class=\"forminator-checkbox forminator-consent\"><input type=\"checkbox\" name=\"consent-1\" id=\"forminator-field-consent-1_69e22f4aca92b\" value=\"checked\" aria-labelledby=\"forminator-field-consent-1_69e22f4aca92b-label\" aria-describedby=\"forminator-field-consent-1_69e22f4aca92b__description\" data-required=\"true\" aria-required=\"true\" \/><span class=\"forminator-checkbox-box\" aria-hidden=\"true\"><\/span><\/label><div id=\"forminator-field-consent-1_69e22f4aca92b__description\" class=\"forminator-checkbox__label forminator-consent__label\"><p>I agree to my data being stored and to be contacted regarding this query.<\/p><\/div><\/div><\/div><\/div><\/div><div class=\"forminator-row\" style=\"margin: 0;\"><div id=\"captcha-1\" class=\"forminator-field-captcha  forminator-col-12 \"><div class=\"forminator-captcha-left forminator-g-recaptcha recaptcha-invisible\" data-theme=\"light\" data-badge=\"bottomright\" data-sitekey=\"6LezPwosAAAAAB_ieL3tJUCKDSDviNcPEKLZNDFT\" data-size=\"invisible\"><\/div> <\/div><\/div><input type=\"hidden\" name=\"referer_url\" value=\"\" \/><div class=\"forminator-row forminator-row-last\"><div class=\"forminator-col\"><div class=\"forminator-field\"><button class=\"forminator-button forminator-button-submit w-btn us-btn-style_1\">Send Message<\/button><\/div><\/div><\/div><input type=\"hidden\" id=\"forminator_nonce\" name=\"forminator_nonce\" value=\"84017a33dd\" \/><input type=\"hidden\" name=\"_wp_http_referer\" value=\"\/fr\/wp-json\/wp\/v2\/pages\/12212\" \/><input type=\"hidden\" name=\"form_id\" value=\"981\"><input type=\"hidden\" name=\"page_id\" value=\"12212\"><input type=\"hidden\" name=\"form_type\" value=\"default\"><input type=\"hidden\" name=\"current_url\" value=\"https:\/\/swiftaero.com\/fr\/controle-des-stocks\/\"><input type=\"hidden\" name=\"render_id\" value=\"0\"><input type=\"hidden\" name=\"action\" value=\"forminator_submit_form_custom-forms\"><label for=\"input_8\" class=\"forminator-hidden\" aria-hidden=\"true\">Veuillez ne pas remplir ce champ. <input id=\"input_8\" type=\"text\" name=\"input_8\" value=\"\" autocomplete=\"off\"><\/label><\/form>\n<\/div><\/div><\/div><\/div><\/div><\/div><\/div><\/section>\n\n","protected":false},"excerpt":{"rendered":"Contr\u00f4le des stocks AccueilPagesV\u00e9rification des stocks de fixations et de quincaillerie pour l&rsquo;a\u00e9ronautique Utilisez notre gestionnaire de stock pour parcourir notre vaste base de donn\u00e9es de fixations et de mat\u00e9riel a\u00e9ronautique. Vous pouvez effectuer une recherche par num\u00e9ro de pi\u00e8ce ou par description de pi\u00e8ce. Si vous avez des questions, veuillez nous contacter et nous...","protected":false},"author":5,"featured_media":0,"parent":0,"menu_order":0,"comment_status":"closed","ping_status":"closed","template":"","meta":{"_acf_changed":false,"footnotes":""},"class_list":["post-12212","page","type-page","status-publish","hentry"],"acf":[],"aioseo_notices":[],"_links":{"self":[{"href":"https:\/\/swiftaero.com\/fr\/wp-json\/wp\/v2\/pages\/12212","targetHints":{"allow":["GET"]}}],"collection":[{"href":"https:\/\/swiftaero.com\/fr\/wp-json\/wp\/v2\/pages"}],"about":[{"href":"https:\/\/swiftaero.com\/fr\/wp-json\/wp\/v2\/types\/page"}],"author":[{"embeddable":true,"href":"https:\/\/swiftaero.com\/fr\/wp-json\/wp\/v2\/users\/5"}],"replies":[{"embeddable":true,"href":"https:\/\/swiftaero.com\/fr\/wp-json\/wp\/v2\/comments?post=12212"}],"version-history":[{"count":15,"href":"https:\/\/swiftaero.com\/fr\/wp-json\/wp\/v2\/pages\/12212\/revisions"}],"predecessor-version":[{"id":16707,"href":"https:\/\/swiftaero.com\/fr\/wp-json\/wp\/v2\/pages\/12212\/revisions\/16707"}],"wp:attachment":[{"href":"https:\/\/swiftaero.com\/fr\/wp-json\/wp\/v2\/media?parent=12212"}],"curies":[{"name":"wp","href":"https:\/\/api.w.org\/{rel}","templated":true}]}}