{"id":12158,"date":"2025-03-14T14:03:51","date_gmt":"2025-03-14T14:03:51","guid":{"rendered":"https:\/\/swiftaero.com\/nouvelles-et-mises-a-jour\/"},"modified":"2025-08-19T12:43:49","modified_gmt":"2025-08-19T11:43:49","slug":"nouvelles-et-mises-a-jour","status":"publish","type":"page","link":"https:\/\/swiftaero.com\/fr\/nouvelles-et-mises-a-jour\/","title":{"rendered":"Nouvelles et mises \u00e0 jour"},"content":{"rendered":"<section class=\"l-section wpb_row height_medium color_alternate with_img\"><div class=\"l-section-img\" role=\"img\" aria-label=\"Image\" data-img-width=\"1600\" data-img-height=\"304\" style=\"background-image: url(https:\/\/swiftaero.com\/wp-content\/uploads\/News-and-Updates-Banner.jpg);\"><\/div><div class=\"l-section-overlay\" style=\"background:var(--color-transparentblack)\"><\/div><div class=\"l-section-h i-cf\"><div class=\"g-cols vc_row via_flex valign_middle type_default stacking_default\"><div class=\"vc_col-sm-12 wpb_column vc_column_container\"><div class=\"vc_column-inner\"><div class=\"wpb_wrapper\"><div class=\"wpb_text_column us_custom_0620cbd6\"><div class=\"wpb_wrapper\"><h1 style=\"text-align: center;\">Nouvelles et mises \u00e0 jour<\/h1>\n<\/div><\/div><div class=\"w-separator center-separator size_small with_line width_30 thick_5 style_solid color_primary align_center\"><div class=\"w-separator-h\"><\/div><\/div><nav class=\"g-breadcrumbs separator_icon align_center\" itemscope itemtype=\"http:\/\/schema.org\/BreadcrumbList\"><div class=\"g-breadcrumbs-item\" itemscope itemprop=\"itemListElement\" itemtype=\"http:\/\/schema.org\/ListItem\"><a itemprop=\"item\" href=\"https:\/\/swiftaero.com\/fr\/\"><span itemprop=\"name\">Accueil<\/span><\/a><meta itemprop=\"position\" content=\"1\"\/><\/div><div class=\"g-breadcrumbs-separator\"><i class=\"far fa-angle-double-right\"><\/i><\/div><div class=\"g-breadcrumbs-item\">Pages<\/div><\/nav><\/div><\/div><\/div><\/div><\/div><\/section><section class=\"l-section wpb_row us_custom_6ab2352f height_medium\"><div class=\"l-section-h i-cf\"><div class=\"g-cols vc_row via_flex valign_top type_default stacking_default\"><div class=\"vc_col-sm-12 wpb_column vc_column_container\"><div class=\"vc_column-inner\"><div class=\"wpb_wrapper\"><div class=\"w-grid type_grid layout_1707 cols_3 preload_style_spinner ratio_1x1\" id=\"us_grid_1\" style=\"--columns:3;--gap:1rem;--item-ratio:1;\" data-filterable=\"true\"><style>@media (max-width:900px){#us_grid_1{--columns:2!important}}@media (max-width:600px){#us_grid_1{--columns:1!important}}.layout_1707 .w-grid-item-h{border-radius:1rem}.layout_1707 .usg_post_image_1{transition-duration:0.3s;transform-origin:50% 50%;transform:scale(1) translate(0%,0%)}.layout_1707 .w-grid-item-h:focus-within .usg_post_image_1,.layout_1707 .w-grid-item-h:hover .usg_post_image_1{transform:scale(1.1) translate(0%,0%);opacity:1}.layout_1707 .usg_post_image_1{position:absolute!important}.layout_1707 .usg_vwrapper_1{position:absolute!important;left:0!important;bottom:0!important;right:0!important;background:linear-gradient(180deg,transparent 0%,rgba(30,30,30,0.8) 50%,#000000 100%)!important;padding:5rem 8% 1.5rem 8%!important}.layout_1707 .usg_post_title_1{color:#fff!important;margin-bottom:0.3rem!important}.layout_1707 .usg_post_date_1{color:#fff!important;font-size:0.9rem!important}.layout_1707 .usg_post_taxonomy_1{font-size:12px!important;font-weight:700!important;text-transform:uppercase!important}<\/style><div class=\"w-grid-list\">\t<article class=\"w-grid-item size_1x1 post-31324 post type-post status-publish format-standard has-post-thumbnail hentry category-mises-a-jour\" data-id=\"31324\">\r\n\t\t<div class=\"w-grid-item-h\">\r\n\t\t\t\t\t\t<div class=\"w-post-elm post_image usg_post_image_1 has_ratio\"><a href=\"https:\/\/swiftaero.com\/fr\/thierry-calmon-est-nomme-directeur-general-de-swift-aerospace\/\" aria-label=\"Thierry Calmon est nomm\u00e9 directeur g\u00e9n\u00e9ral de Swift Aerospace\"><img loading=\"lazy\" decoding=\"async\" width=\"690\" height=\"667\" src=\"https:\/\/swiftaero.com\/wp-content\/uploads\/SwiftBuildingSquare.jpg\" class=\"attachment-large size-large wp-post-image\" alt=\"\" \/><\/a><div style=\"padding-bottom:100%\"><\/div><\/div><div class=\"w-vwrapper usg_vwrapper_1 align_none valign_bottom\"><div class=\"w-post-elm post_taxonomy usg_post_taxonomy_1 style_badge color_link_inherit\"><span class=\"w-btn us-btn-style_badge term-22 term-mises-a-jour\"><span class=\"w-btn-label\">Mises \u00e0 jour<\/span><\/span><\/div><h4 class=\"w-post-elm post_title usg_post_title_1 has_text_color entry-title color_link_inherit\"><a href=\"https:\/\/swiftaero.com\/fr\/thierry-calmon-est-nomme-directeur-general-de-swift-aerospace\/\">Thierry Calmon est nomm\u00e9 directeur g\u00e9n\u00e9ral de Swift Aerospace<\/a><\/h4><time class=\"w-post-elm post_date usg_post_date_1 has_text_color entry-date published\" datetime=\"2026-01-16T12:16:55+00:00\" title=\"16 janvier 2026 \u00e0 12:16:55 Europe\/London\">il y a 3 mois<\/time><\/div>\t\t<\/div>\r\n\t\t\t<\/article>\r\n\t<article class=\"w-grid-item size_1x1 post-31298 post type-post status-publish format-standard has-post-thumbnail hentry category-mises-a-jour\" data-id=\"31298\">\r\n\t\t<div class=\"w-grid-item-h\">\r\n\t\t\t\t\t\t<div class=\"w-post-elm post_image usg_post_image_1 has_ratio\"><a href=\"https:\/\/swiftaero.com\/fr\/annonce-de-lentreprise-acquisition-de-swift-aerospace-par-clarendon-speciality-fasteners\/\" aria-label=\"Annonce de l&rsquo;entreprise : Acquisition de Swift Aerospace par Clarendon Speciality Fasteners\"><img loading=\"lazy\" decoding=\"async\" width=\"1300\" height=\"923\" src=\"https:\/\/swiftaero.com\/wp-content\/uploads\/handshake-1300x923.jpg\" class=\"attachment-large size-large wp-post-image\" alt=\"\" \/><\/a><div style=\"padding-bottom:100%\"><\/div><\/div><div class=\"w-vwrapper usg_vwrapper_1 align_none valign_bottom\"><div class=\"w-post-elm post_taxonomy usg_post_taxonomy_1 style_badge color_link_inherit\"><span class=\"w-btn us-btn-style_badge term-22 term-mises-a-jour\"><span class=\"w-btn-label\">Mises \u00e0 jour<\/span><\/span><\/div><h4 class=\"w-post-elm post_title usg_post_title_1 has_text_color entry-title color_link_inherit\"><a href=\"https:\/\/swiftaero.com\/fr\/annonce-de-lentreprise-acquisition-de-swift-aerospace-par-clarendon-speciality-fasteners\/\">Annonce de l&rsquo;entreprise : Acquisition de Swift Aerospace par Clarendon Speciality Fasteners<\/a><\/h4><time class=\"w-post-elm post_date usg_post_date_1 has_text_color entry-date published\" datetime=\"2026-01-16T11:34:48+00:00\" title=\"16 janvier 2026 \u00e0 11:34:48 Europe\/London\">il y a 3 mois<\/time><\/div>\t\t<\/div>\r\n\t\t\t<\/article>\r\n\t<article class=\"w-grid-item size_1x1 post-16468 post type-post status-publish format-standard has-post-thumbnail hentry category-spectacle-aerien\" data-id=\"16468\">\r\n\t\t<div class=\"w-grid-item-h\">\r\n\t\t\t\t\t\t<div class=\"w-post-elm post_image usg_post_image_1 has_ratio\"><a href=\"https:\/\/swiftaero.com\/fr\/55eme-salon-international-de-laeronautique-et-de-lespace-le-bourget-2025\/\" aria-label=\"55\u00e8me Salon International de l&rsquo;A\u00e9ronautique et de l&rsquo;Espace &#8211; Le Bourget 2025\"><img loading=\"lazy\" decoding=\"async\" width=\"1300\" height=\"1083\" src=\"https:\/\/swiftaero.com\/wp-content\/uploads\/image001-1300x1083.png\" class=\"attachment-large size-large wp-post-image\" alt=\"\" \/><\/a><div style=\"padding-bottom:100%\"><\/div><\/div><div class=\"w-vwrapper usg_vwrapper_1 align_none valign_bottom\"><div class=\"w-post-elm post_taxonomy usg_post_taxonomy_1 style_badge color_link_inherit\"><span class=\"w-btn us-btn-style_badge term-21 term-spectacle-aerien\"><span class=\"w-btn-label\">Spectacle a\u00e9rien<\/span><\/span><\/div><h4 class=\"w-post-elm post_title usg_post_title_1 has_text_color entry-title color_link_inherit\"><a href=\"https:\/\/swiftaero.com\/fr\/55eme-salon-international-de-laeronautique-et-de-lespace-le-bourget-2025\/\">55\u00e8me Salon International de l&rsquo;A\u00e9ronautique et de l&rsquo;Espace &#8211; Le Bourget 2025<\/a><\/h4><time class=\"w-post-elm post_date usg_post_date_1 has_text_color entry-date published\" datetime=\"2025-05-07T15:37:15+01:00\" title=\"7 mai 2025 \u00e0 15:37:15 Europe\/London\">il y a 11 mois<\/time><\/div>\t\t<\/div>\r\n\t\t\t<\/article>\r\n\t<article class=\"w-grid-item size_1x1 post-12022 post type-post status-publish format-standard has-post-thumbnail hentry category-spectacle-aerien\" data-id=\"12022\">\r\n\t\t<div class=\"w-grid-item-h\">\r\n\t\t\t\t\t\t<div class=\"w-post-elm post_image usg_post_image_1 has_ratio\"><a href=\"https:\/\/swiftaero.com\/fr\/salon-international-de-laeronautique-et-de-lespace-de-farnborough-2024\/\" aria-label=\"Salon international de l&rsquo;a\u00e9ronautique et de l&rsquo;espace de Farnborough 2024\"><img loading=\"lazy\" decoding=\"async\" width=\"370\" height=\"250\" src=\"https:\/\/swiftaero.com\/wp-content\/uploads\/Farnborough-International-Airshow-2024-from-22nd-to-26th-July.jpg\" class=\"attachment-large size-large wp-post-image\" alt=\"\" \/><\/a><div style=\"padding-bottom:100%\"><\/div><\/div><div class=\"w-vwrapper usg_vwrapper_1 align_none valign_bottom\"><div class=\"w-post-elm post_taxonomy usg_post_taxonomy_1 style_badge color_link_inherit\"><span class=\"w-btn us-btn-style_badge term-21 term-spectacle-aerien\"><span class=\"w-btn-label\">Spectacle a\u00e9rien<\/span><\/span><\/div><h4 class=\"w-post-elm post_title usg_post_title_1 has_text_color entry-title color_link_inherit\"><a href=\"https:\/\/swiftaero.com\/fr\/salon-international-de-laeronautique-et-de-lespace-de-farnborough-2024\/\">Salon international de l&rsquo;a\u00e9ronautique et de l&rsquo;espace de Farnborough 2024<\/a><\/h4><time class=\"w-post-elm post_date usg_post_date_1 has_text_color entry-date published\" datetime=\"2024-06-17T13:41:23+01:00\" title=\"17 juin 2024 \u00e0 13:41:23 Europe\/London\">il y a 2 ans<\/time><\/div>\t\t<\/div>\r\n\t\t\t<\/article>\r\n\t<article class=\"w-grid-item size_1x1 post-12021 post type-post status-publish format-standard has-post-thumbnail hentry category-mises-a-jour\" data-id=\"12021\">\r\n\t\t<div class=\"w-grid-item-h\">\r\n\t\t\t\t\t\t<div class=\"w-post-elm post_image usg_post_image_1 has_ratio\"><a href=\"https:\/\/swiftaero.com\/fr\/swift-aerospace-la-france-est-ouverte-aux-affaires\/\" aria-label=\"Swift Aerospace La France est ouverte aux affaires !\"><img loading=\"lazy\" decoding=\"async\" width=\"370\" height=\"250\" src=\"https:\/\/swiftaero.com\/wp-content\/uploads\/Swift-Aerospace-France-2.jpg\" class=\"attachment-large size-large wp-post-image\" alt=\"\" \/><\/a><div style=\"padding-bottom:100%\"><\/div><\/div><div class=\"w-vwrapper usg_vwrapper_1 align_none valign_bottom\"><div class=\"w-post-elm post_taxonomy usg_post_taxonomy_1 style_badge color_link_inherit\"><span class=\"w-btn us-btn-style_badge term-22 term-mises-a-jour\"><span class=\"w-btn-label\">Mises \u00e0 jour<\/span><\/span><\/div><h4 class=\"w-post-elm post_title usg_post_title_1 has_text_color entry-title color_link_inherit\"><a href=\"https:\/\/swiftaero.com\/fr\/swift-aerospace-la-france-est-ouverte-aux-affaires\/\">Swift Aerospace La France est ouverte aux affaires !<\/a><\/h4><time class=\"w-post-elm post_date usg_post_date_1 has_text_color entry-date published\" datetime=\"2019-03-19T13:42:49+00:00\" title=\"19 mars 2019 \u00e0 13:42:49 Europe\/London\">il y a 7 ans<\/time><\/div>\t\t<\/div>\r\n\t\t\t<\/article>\r\n\t<article class=\"w-grid-item size_1x1 post-12234 post type-post status-publish format-standard has-post-thumbnail hentry category-spectacle-aerien\" data-id=\"12234\">\r\n\t\t<div class=\"w-grid-item-h\">\r\n\t\t\t\t\t\t<div class=\"w-post-elm post_image usg_post_image_1 has_ratio\"><a href=\"https:\/\/swiftaero.com\/fr\/53eme-salon-international-de-laeronautique-et-de-lespace-le-bourget-2019\/\" aria-label=\"53\u00e8me Salon International de l&rsquo;A\u00e9ronautique et de l&rsquo;Espace &#8211; Le Bourget 2019\"><img loading=\"lazy\" decoding=\"async\" width=\"370\" height=\"250\" src=\"https:\/\/swiftaero.com\/wp-content\/uploads\/Paris-Air-Show-\u2013-Le-Bourget-2019.jpg\" class=\"attachment-large size-large wp-post-image\" alt=\"\" \/><\/a><div style=\"padding-bottom:100%\"><\/div><\/div><div class=\"w-vwrapper usg_vwrapper_1 align_none valign_bottom\"><div class=\"w-post-elm post_taxonomy usg_post_taxonomy_1 style_badge color_link_inherit\"><span class=\"w-btn us-btn-style_badge term-21 term-spectacle-aerien\"><span class=\"w-btn-label\">Spectacle a\u00e9rien<\/span><\/span><\/div><h4 class=\"w-post-elm post_title usg_post_title_1 has_text_color entry-title color_link_inherit\"><a href=\"https:\/\/swiftaero.com\/fr\/53eme-salon-international-de-laeronautique-et-de-lespace-le-bourget-2019\/\">53\u00e8me Salon International de l&rsquo;A\u00e9ronautique et de l&rsquo;Espace &#8211; Le Bourget 2019<\/a><\/h4><time class=\"w-post-elm post_date usg_post_date_1 has_text_color entry-date published\" datetime=\"2019-03-01T13:43:34+00:00\" title=\"1 mars 2019 \u00e0 13:43:34 Europe\/London\">il y a 7 ans<\/time><\/div>\t\t<\/div>\r\n\t\t\t<\/article>\r\n\t<article class=\"w-grid-item size_1x1 post-12025 post type-post status-publish format-standard has-post-thumbnail hentry category-spectacle-aerien\" data-id=\"12025\">\r\n\t\t<div class=\"w-grid-item-h\">\r\n\t\t\t\t\t\t<div class=\"w-post-elm post_image usg_post_image_1 has_ratio\"><a href=\"https:\/\/swiftaero.com\/fr\/salon-international-de-laeronautique-et-de-lespace-de-farnborough-2018\/\" aria-label=\"Salon international de l&rsquo;a\u00e9ronautique et de l&rsquo;espace de Farnborough 2018\"><img loading=\"lazy\" decoding=\"async\" width=\"370\" height=\"250\" src=\"https:\/\/swiftaero.com\/wp-content\/uploads\/Farnborough-International-Airshow-from-16th-to-the-22nd-July-2018.jpg\" class=\"attachment-large size-large wp-post-image\" alt=\"\" \/><\/a><div style=\"padding-bottom:100%\"><\/div><\/div><div class=\"w-vwrapper usg_vwrapper_1 align_none valign_bottom\"><div class=\"w-post-elm post_taxonomy usg_post_taxonomy_1 style_badge color_link_inherit\"><span class=\"w-btn us-btn-style_badge term-21 term-spectacle-aerien\"><span class=\"w-btn-label\">Spectacle a\u00e9rien<\/span><\/span><\/div><h4 class=\"w-post-elm post_title usg_post_title_1 has_text_color entry-title color_link_inherit\"><a href=\"https:\/\/swiftaero.com\/fr\/salon-international-de-laeronautique-et-de-lespace-de-farnborough-2018\/\">Salon international de l&rsquo;a\u00e9ronautique et de l&rsquo;espace de Farnborough 2018<\/a><\/h4><time class=\"w-post-elm post_date usg_post_date_1 has_text_color entry-date published\" datetime=\"2018-01-26T13:44:09+00:00\" title=\"26 janvier 2018 \u00e0 13:44:09 Europe\/London\">il y a 8 ans<\/time><\/div>\t\t<\/div>\r\n\t\t\t<\/article>\r\n<\/div><div class=\"w-grid-preloader\">\t<div class=\"g-preloader type_1\">\r\n\t\t<div><\/div>\r\n\t<\/div>\r\n\t<\/div>\t<div class=\"w-grid-json hidden\" onclick='return {&quot;action&quot;:&quot;us_ajax_grid&quot;,&quot;infinite_scroll&quot;:0,&quot;max_num_pages&quot;:1,&quot;pagination&quot;:&quot;none&quot;,&quot;template_vars&quot;:{&quot;columns&quot;:&quot;3&quot;,&quot;exclude_items&quot;:&quot;none&quot;,&quot;img_size&quot;:&quot;default&quot;,&quot;ignore_items_size&quot;:0,&quot;items_layout&quot;:&quot;1707&quot;,&quot;items_offset&quot;:&quot;1&quot;,&quot;load_animation&quot;:&quot;none&quot;,&quot;overriding_link&quot;:&quot;%7B%22url%22%3A%22%22%7D&quot;,&quot;post_id&quot;:0,&quot;query_args&quot;:{&quot;post_type&quot;:[&quot;post&quot;],&quot;tax_query&quot;:[{&quot;taxonomy&quot;:&quot;category&quot;,&quot;field&quot;:&quot;slug&quot;,&quot;terms&quot;:[&quot;mises-a-jour&quot;,&quot;spectacle-aerien&quot;]}],&quot;post_status&quot;:[&quot;publish&quot;,&quot;acf-disabled&quot;],&quot;posts_per_page&quot;:&quot;10&quot;},&quot;orderby_query_args&quot;:{&quot;orderby&quot;:{&quot;date&quot;:&quot;DESC&quot;}},&quot;type&quot;:&quot;grid&quot;,&quot;us_grid_post_type&quot;:&quot;post&quot;,&quot;us_grid_ajax_index&quot;:1,&quot;us_grid_filter_query_string&quot;:null,&quot;us_grid_index&quot;:1,&quot;page_args&quot;:[],&quot;lang&quot;:&quot;fr&quot;}}'><\/div>\r\n\t<\/div><div class=\"w-separator size_small\"><\/div><div class=\"w-iconbox iconpos_top style_default color_primary align_center\"><div class=\"w-iconbox-icon\" style=\"font-size:2rem;\"><\/div><div class=\"w-iconbox-meta\"><h4 class=\"w-iconbox-title\">Vous cherchez d&rsquo;autres informations ?<\/h4><div class=\"w-iconbox-text\"><p>Visitez notre LinkedIn pour voir nos autres mises \u00e0 jour r\u00e9guli\u00e8res et nos nouvelles.<\/p>\n<\/div><\/div><\/div><div class=\"w-separator size_custom\" style=\"height:1rem\"><\/div><div class=\"w-iconbox iconpos_top style_default color_primary align_center no_text no_title\"><a href=\"https:\/\/uk.linkedin.com\/company\/swift-aerospace\" class=\"w-iconbox-link\" aria-label=\"fab|linkedin\"><div class=\"w-iconbox-icon\" style=\"font-size:2rem;\"><i class=\"fab fa-linkedin\"><\/i><\/div><\/a><div class=\"w-iconbox-meta\"><\/div><\/div><div class=\"w-separator size_small\"><\/div><\/div><\/div><\/div><\/div><\/div><\/section>\n","protected":false},"excerpt":{"rendered":"Rejoignez-nous au salon a\u00e9ronautique international de Farnborough du 16 au 22 juillet 2018 et d\u00e9couvrez comment Swift Aerospace peut soutenir vos exigences en mati\u00e8re de fixation et de quincaillerie a\u00e9ronautique. Vous nous trouverez dans le hall 4, stand 41432, o\u00f9 notre \u00e9quipe sera \u00e0 votre disposition pour discuter de notre vaste gamme de fixations tra\u00e7ables...","protected":false},"author":5,"featured_media":0,"parent":0,"menu_order":0,"comment_status":"closed","ping_status":"closed","template":"","meta":{"_acf_changed":false,"footnotes":""},"class_list":["post-12158","page","type-page","status-publish","hentry"],"acf":[],"aioseo_notices":[],"_links":{"self":[{"href":"https:\/\/swiftaero.com\/fr\/wp-json\/wp\/v2\/pages\/12158","targetHints":{"allow":["GET"]}}],"collection":[{"href":"https:\/\/swiftaero.com\/fr\/wp-json\/wp\/v2\/pages"}],"about":[{"href":"https:\/\/swiftaero.com\/fr\/wp-json\/wp\/v2\/types\/page"}],"author":[{"embeddable":true,"href":"https:\/\/swiftaero.com\/fr\/wp-json\/wp\/v2\/users\/5"}],"replies":[{"embeddable":true,"href":"https:\/\/swiftaero.com\/fr\/wp-json\/wp\/v2\/comments?post=12158"}],"version-history":[{"count":5,"href":"https:\/\/swiftaero.com\/fr\/wp-json\/wp\/v2\/pages\/12158\/revisions"}],"predecessor-version":[{"id":16500,"href":"https:\/\/swiftaero.com\/fr\/wp-json\/wp\/v2\/pages\/12158\/revisions\/16500"}],"wp:attachment":[{"href":"https:\/\/swiftaero.com\/fr\/wp-json\/wp\/v2\/media?parent=12158"}],"curies":[{"name":"wp","href":"https:\/\/api.w.org\/{rel}","templated":true}]}}