{"id":12023,"date":"2025-03-18T10:49:54","date_gmt":"2025-03-18T10:49:54","guid":{"rendered":"https:\/\/swiftaero.com\/galerie-dimages\/"},"modified":"2025-08-19T11:42:08","modified_gmt":"2025-08-19T10:42:08","slug":"galerie-dimages","status":"publish","type":"page","link":"https:\/\/swiftaero.com\/fr\/a-propos-de-nous\/galerie-dimages\/","title":{"rendered":"Galerie d&rsquo;images"},"content":{"rendered":"<section class=\"l-section wpb_row height_medium color_alternate with_img\"><div class=\"l-section-img\" role=\"img\" aria-label=\"Image\" data-img-width=\"1900\" data-img-height=\"480\" style=\"background-image: url(https:\/\/swiftaero.com\/wp-content\/uploads\/4.png);\"><\/div><div class=\"l-section-overlay\" style=\"background:var(--color-transparentblack)\"><\/div><div class=\"l-section-h i-cf\"><div class=\"g-cols vc_row via_flex valign_middle type_default stacking_default\"><div class=\"vc_col-sm-12 wpb_column vc_column_container\"><div class=\"vc_column-inner\"><div class=\"wpb_wrapper\"><div class=\"wpb_text_column us_custom_0620cbd6\"><div class=\"wpb_wrapper\"><h1 style=\"text-align: center;\">Galerie d&rsquo;images<\/h1>\n<\/div><\/div><div class=\"w-separator center-separator size_small with_line width_30 thick_5 style_solid color_primary align_center\"><div class=\"w-separator-h\"><\/div><\/div><nav class=\"g-breadcrumbs separator_icon align_center\" itemscope itemtype=\"http:\/\/schema.org\/BreadcrumbList\"><div class=\"g-breadcrumbs-item\" itemscope itemprop=\"itemListElement\" itemtype=\"http:\/\/schema.org\/ListItem\"><a itemprop=\"item\" href=\"https:\/\/swiftaero.com\/fr\/\"><span itemprop=\"name\">Accueil<\/span><\/a><meta itemprop=\"position\" content=\"1\"\/><\/div><div class=\"g-breadcrumbs-separator\"><i class=\"far fa-angle-double-right\"><\/i><\/div><div class=\"g-breadcrumbs-item\">Pages<\/div><\/nav><\/div><\/div><\/div><\/div><\/div><\/section><section class=\"l-section wpb_row us_custom_c1543e02 height_medium\"><div class=\"l-section-h i-cf\"><div class=\"g-cols vc_row via_flex valign_top type_default stacking_default\"><div class=\"vc_col-sm-12 wpb_column vc_column_container\"><div class=\"vc_column-inner\"><div class=\"wpb_wrapper\"><div class=\"wpb_text_column us_custom_16542df6\"><div class=\"wpb_wrapper\"><h2 class=\"entry-title\" style=\"text-align: center;\">Service personnalis\u00e9, comp\u00e9tent et expert.<\/h2>\n<\/div><\/div><div class=\"wpb_text_column us_custom_6632e5b0\"><div class=\"wpb_wrapper\"><p style=\"text-align: center;\">Explorez notre galerie d&rsquo;images pour d\u00e9couvrir comment notre \u00e9quipe d\u00e9vou\u00e9e fournit un service exceptionnel, en combinant une approche personnalis\u00e9e avec une connaissance et une expertise approfondies du secteur. Nous sommes fiers d&rsquo;\u00e9tablir des relations solides avec nos clients et de leur fournir des solutions sur mesure qui r\u00e9pondent \u00e0 leurs besoins sp\u00e9cifiques.<\/p>\n<\/div><\/div><div class=\"w-separator size_medium\"><\/div><div class=\"w-gallery fit_cover type_metro_2 action_popup_image ratio_1x1 count_18\" style=\"--columns:4;--items-gap:10px;\"><div class=\"w-gallery-list\"><div class=\"w-gallery-item\"><div class=\"w-gallery-item-img\"><img loading=\"lazy\" decoding=\"async\" width=\"1024\" height=\"768\" src=\"https:\/\/swiftaero.com\/wp-content\/uploads\/IMG_1153.jpg\" class=\"attachment-large size-large\" alt=\"\" srcset=\"https:\/\/swiftaero.com\/wp-content\/uploads\/IMG_1153.jpg 1024w, https:\/\/swiftaero.com\/wp-content\/uploads\/IMG_1153-600x450.jpg 600w, https:\/\/swiftaero.com\/wp-content\/uploads\/IMG_1153-300x225.jpg 300w, https:\/\/swiftaero.com\/wp-content\/uploads\/IMG_1153-400x300.jpg 400w, https:\/\/swiftaero.com\/wp-content\/uploads\/IMG_1153-250x188.jpg 250w, https:\/\/swiftaero.com\/wp-content\/uploads\/IMG_1153-200x150.jpg 200w, https:\/\/swiftaero.com\/wp-content\/uploads\/IMG_1153-800x600.jpg 800w\" sizes=\"auto, (max-width: 1024px) 100vw, 1024px\" \/><\/div><a class=\"w-gallery-item-link\" aria-label=\"IMG_1153\" href=\"https:\/\/swiftaero.com\/wp-content\/uploads\/IMG_1153.jpg\"><\/a><\/div><div class=\"w-gallery-item\"><div class=\"w-gallery-item-img\"><img loading=\"lazy\" decoding=\"async\" width=\"924\" height=\"1281\" src=\"https:\/\/swiftaero.com\/wp-content\/uploads\/IMG_1183a.jpg\" class=\"attachment-large size-large\" alt=\"\" srcset=\"https:\/\/swiftaero.com\/wp-content\/uploads\/IMG_1183a.jpg 924w, https:\/\/swiftaero.com\/wp-content\/uploads\/IMG_1183a-433x600.jpg 433w, https:\/\/swiftaero.com\/wp-content\/uploads\/IMG_1183a-216x300.jpg 216w, https:\/\/swiftaero.com\/wp-content\/uploads\/IMG_1183a-400x555.jpg 400w, https:\/\/swiftaero.com\/wp-content\/uploads\/IMG_1183a-180x250.jpg 180w, https:\/\/swiftaero.com\/wp-content\/uploads\/IMG_1183a-144x200.jpg 144w, https:\/\/swiftaero.com\/wp-content\/uploads\/IMG_1183a-577x800.jpg 577w\" sizes=\"auto, (max-width: 924px) 100vw, 924px\" \/><\/div><a class=\"w-gallery-item-link\" aria-label=\"IMG_1183a\" href=\"https:\/\/swiftaero.com\/wp-content\/uploads\/IMG_1183a.jpg\"><\/a><\/div><div class=\"w-gallery-item\"><div class=\"w-gallery-item-img\"><img loading=\"lazy\" decoding=\"async\" width=\"1300\" height=\"976\" src=\"https:\/\/swiftaero.com\/wp-content\/uploads\/1-1300x976.jpg\" class=\"attachment-large size-large\" alt=\"\" srcset=\"https:\/\/swiftaero.com\/wp-content\/uploads\/1-1300x976.jpg 1300w, https:\/\/swiftaero.com\/wp-content\/uploads\/1-600x451.jpg 600w, https:\/\/swiftaero.com\/wp-content\/uploads\/1-300x225.jpg 300w, https:\/\/swiftaero.com\/wp-content\/uploads\/1-400x300.jpg 400w, https:\/\/swiftaero.com\/wp-content\/uploads\/1-250x188.jpg 250w, https:\/\/swiftaero.com\/wp-content\/uploads\/1-200x150.jpg 200w, https:\/\/swiftaero.com\/wp-content\/uploads\/1-800x601.jpg 800w, https:\/\/swiftaero.com\/wp-content\/uploads\/1-scaled.jpg 2000w\" sizes=\"auto, (max-width: 1300px) 100vw, 1300px\" \/><\/div><a class=\"w-gallery-item-link\" aria-label=\"1\" href=\"https:\/\/swiftaero.com\/wp-content\/uploads\/1-scaled.jpg\"><\/a><\/div><div class=\"w-gallery-item\"><div class=\"w-gallery-item-img\"><img loading=\"lazy\" decoding=\"async\" width=\"667\" height=\"1000\" src=\"https:\/\/swiftaero.com\/wp-content\/uploads\/LO_RES66.jpg\" class=\"attachment-large size-large\" alt=\"\" srcset=\"https:\/\/swiftaero.com\/wp-content\/uploads\/LO_RES66.jpg 667w, https:\/\/swiftaero.com\/wp-content\/uploads\/LO_RES66-400x600.jpg 400w, https:\/\/swiftaero.com\/wp-content\/uploads\/LO_RES66-200x300.jpg 200w, https:\/\/swiftaero.com\/wp-content\/uploads\/LO_RES66-167x250.jpg 167w, https:\/\/swiftaero.com\/wp-content\/uploads\/LO_RES66-133x200.jpg 133w, https:\/\/swiftaero.com\/wp-content\/uploads\/LO_RES66-534x800.jpg 534w\" sizes=\"auto, (max-width: 667px) 100vw, 667px\" \/><\/div><a class=\"w-gallery-item-link\" aria-label=\"LO_RES66\" href=\"https:\/\/swiftaero.com\/wp-content\/uploads\/LO_RES66.jpg\"><\/a><\/div><div class=\"w-gallery-item\"><div class=\"w-gallery-item-img\"><img loading=\"lazy\" decoding=\"async\" width=\"667\" height=\"1000\" src=\"https:\/\/swiftaero.com\/wp-content\/uploads\/LO_RES86.jpg\" class=\"attachment-large size-large\" alt=\"\" srcset=\"https:\/\/swiftaero.com\/wp-content\/uploads\/LO_RES86.jpg 667w, https:\/\/swiftaero.com\/wp-content\/uploads\/LO_RES86-400x600.jpg 400w, https:\/\/swiftaero.com\/wp-content\/uploads\/LO_RES86-200x300.jpg 200w, https:\/\/swiftaero.com\/wp-content\/uploads\/LO_RES86-167x250.jpg 167w, https:\/\/swiftaero.com\/wp-content\/uploads\/LO_RES86-133x200.jpg 133w, https:\/\/swiftaero.com\/wp-content\/uploads\/LO_RES86-534x800.jpg 534w\" sizes=\"auto, (max-width: 667px) 100vw, 667px\" \/><\/div><a class=\"w-gallery-item-link\" aria-label=\"Construisons la solution de gestion des stocks par le fournisseur (VMI) qui r\u00e9pondra \u00e0 vos besoins.\" href=\"https:\/\/swiftaero.com\/wp-content\/uploads\/LO_RES86.jpg\"><\/a><\/div><div class=\"w-gallery-item\"><div class=\"w-gallery-item-img\"><img loading=\"lazy\" decoding=\"async\" width=\"1300\" height=\"867\" src=\"https:\/\/swiftaero.com\/wp-content\/uploads\/SWIFT0084-1300x867.jpg\" class=\"attachment-large size-large\" alt=\"\" srcset=\"https:\/\/swiftaero.com\/wp-content\/uploads\/SWIFT0084-1300x867.jpg 1300w, https:\/\/swiftaero.com\/wp-content\/uploads\/SWIFT0084-600x400.jpg 600w, https:\/\/swiftaero.com\/wp-content\/uploads\/SWIFT0084-300x200.jpg 300w, https:\/\/swiftaero.com\/wp-content\/uploads\/SWIFT0084-400x267.jpg 400w, https:\/\/swiftaero.com\/wp-content\/uploads\/SWIFT0084-250x167.jpg 250w, https:\/\/swiftaero.com\/wp-content\/uploads\/SWIFT0084-200x133.jpg 200w, https:\/\/swiftaero.com\/wp-content\/uploads\/SWIFT0084-800x533.jpg 800w, https:\/\/swiftaero.com\/wp-content\/uploads\/SWIFT0084-scaled.jpg 2000w\" sizes=\"auto, (max-width: 1300px) 100vw, 1300px\" \/><\/div><a class=\"w-gallery-item-link\" aria-label=\"SWIFT0084\" href=\"https:\/\/swiftaero.com\/wp-content\/uploads\/SWIFT0084-scaled.jpg\"><\/a><\/div><div class=\"w-gallery-item\"><div class=\"w-gallery-item-img\"><img loading=\"lazy\" decoding=\"async\" width=\"1300\" height=\"867\" src=\"https:\/\/swiftaero.com\/wp-content\/uploads\/5-1300x867.jpg\" class=\"attachment-large size-large\" alt=\"\" srcset=\"https:\/\/swiftaero.com\/wp-content\/uploads\/5-1300x867.jpg 1300w, https:\/\/swiftaero.com\/wp-content\/uploads\/5-600x400.jpg 600w, https:\/\/swiftaero.com\/wp-content\/uploads\/5-300x200.jpg 300w, https:\/\/swiftaero.com\/wp-content\/uploads\/5-400x267.jpg 400w, https:\/\/swiftaero.com\/wp-content\/uploads\/5-250x167.jpg 250w, https:\/\/swiftaero.com\/wp-content\/uploads\/5-200x133.jpg 200w, https:\/\/swiftaero.com\/wp-content\/uploads\/5-800x533.jpg 800w, https:\/\/swiftaero.com\/wp-content\/uploads\/5-scaled.jpg 2000w\" sizes=\"auto, (max-width: 1300px) 100vw, 1300px\" \/><\/div><a class=\"w-gallery-item-link\" aria-label=\"5\" href=\"https:\/\/swiftaero.com\/wp-content\/uploads\/5-scaled.jpg\"><\/a><\/div><div class=\"w-gallery-item\"><div class=\"w-gallery-item-img\"><img loading=\"lazy\" decoding=\"async\" width=\"1000\" height=\"667\" src=\"https:\/\/swiftaero.com\/wp-content\/uploads\/LO_RES146.jpg\" class=\"attachment-large size-large\" alt=\"\" srcset=\"https:\/\/swiftaero.com\/wp-content\/uploads\/LO_RES146.jpg 1000w, https:\/\/swiftaero.com\/wp-content\/uploads\/LO_RES146-600x400.jpg 600w, https:\/\/swiftaero.com\/wp-content\/uploads\/LO_RES146-300x200.jpg 300w, https:\/\/swiftaero.com\/wp-content\/uploads\/LO_RES146-400x267.jpg 400w, https:\/\/swiftaero.com\/wp-content\/uploads\/LO_RES146-250x167.jpg 250w, https:\/\/swiftaero.com\/wp-content\/uploads\/LO_RES146-200x133.jpg 200w, https:\/\/swiftaero.com\/wp-content\/uploads\/LO_RES146-800x534.jpg 800w\" sizes=\"auto, (max-width: 1000px) 100vw, 1000px\" \/><\/div><a class=\"w-gallery-item-link\" aria-label=\"LO_RES146\" href=\"https:\/\/swiftaero.com\/wp-content\/uploads\/LO_RES146.jpg\"><\/a><\/div><div class=\"w-gallery-item\"><div class=\"w-gallery-item-img\"><img loading=\"lazy\" decoding=\"async\" width=\"1300\" height=\"807\" src=\"https:\/\/swiftaero.com\/wp-content\/uploads\/SWIFT0144-1300x807.jpg\" class=\"attachment-large size-large\" alt=\"\" srcset=\"https:\/\/swiftaero.com\/wp-content\/uploads\/SWIFT0144-1300x807.jpg 1300w, https:\/\/swiftaero.com\/wp-content\/uploads\/SWIFT0144-600x373.jpg 600w, https:\/\/swiftaero.com\/wp-content\/uploads\/SWIFT0144-300x186.jpg 300w, https:\/\/swiftaero.com\/wp-content\/uploads\/SWIFT0144-400x248.jpg 400w, https:\/\/swiftaero.com\/wp-content\/uploads\/SWIFT0144-250x155.jpg 250w, https:\/\/swiftaero.com\/wp-content\/uploads\/SWIFT0144-200x124.jpg 200w, https:\/\/swiftaero.com\/wp-content\/uploads\/SWIFT0144-800x497.jpg 800w, https:\/\/swiftaero.com\/wp-content\/uploads\/SWIFT0144-scaled.jpg 2000w\" sizes=\"auto, (max-width: 1300px) 100vw, 1300px\" \/><\/div><a class=\"w-gallery-item-link\" aria-label=\"SWIFT0144\" href=\"https:\/\/swiftaero.com\/wp-content\/uploads\/SWIFT0144-scaled.jpg\"><\/a><\/div><div class=\"w-gallery-item\"><div class=\"w-gallery-item-img\"><img loading=\"lazy\" decoding=\"async\" width=\"1000\" height=\"667\" src=\"https:\/\/swiftaero.com\/wp-content\/uploads\/LO_RES208.jpg\" class=\"attachment-large size-large\" alt=\"\" srcset=\"https:\/\/swiftaero.com\/wp-content\/uploads\/LO_RES208.jpg 1000w, https:\/\/swiftaero.com\/wp-content\/uploads\/LO_RES208-600x400.jpg 600w, https:\/\/swiftaero.com\/wp-content\/uploads\/LO_RES208-300x200.jpg 300w, https:\/\/swiftaero.com\/wp-content\/uploads\/LO_RES208-400x267.jpg 400w, https:\/\/swiftaero.com\/wp-content\/uploads\/LO_RES208-250x167.jpg 250w, https:\/\/swiftaero.com\/wp-content\/uploads\/LO_RES208-200x133.jpg 200w, https:\/\/swiftaero.com\/wp-content\/uploads\/LO_RES208-800x534.jpg 800w\" sizes=\"auto, (max-width: 1000px) 100vw, 1000px\" \/><\/div><a class=\"w-gallery-item-link\" aria-label=\"LO_RES208\" href=\"https:\/\/swiftaero.com\/wp-content\/uploads\/LO_RES208.jpg\"><\/a><\/div><div class=\"w-gallery-item\"><div class=\"w-gallery-item-img\"><img loading=\"lazy\" decoding=\"async\" width=\"1000\" height=\"667\" src=\"https:\/\/swiftaero.com\/wp-content\/uploads\/Swift-Aerospace-Ad-Hoc-Needs-1.jpg\" class=\"attachment-large size-large\" alt=\"\" srcset=\"https:\/\/swiftaero.com\/wp-content\/uploads\/Swift-Aerospace-Ad-Hoc-Needs-1.jpg 1000w, https:\/\/swiftaero.com\/wp-content\/uploads\/Swift-Aerospace-Ad-Hoc-Needs-1-600x400.jpg 600w, https:\/\/swiftaero.com\/wp-content\/uploads\/Swift-Aerospace-Ad-Hoc-Needs-1-300x200.jpg 300w, https:\/\/swiftaero.com\/wp-content\/uploads\/Swift-Aerospace-Ad-Hoc-Needs-1-400x267.jpg 400w, https:\/\/swiftaero.com\/wp-content\/uploads\/Swift-Aerospace-Ad-Hoc-Needs-1-250x167.jpg 250w, https:\/\/swiftaero.com\/wp-content\/uploads\/Swift-Aerospace-Ad-Hoc-Needs-1-200x133.jpg 200w, https:\/\/swiftaero.com\/wp-content\/uploads\/Swift-Aerospace-Ad-Hoc-Needs-1-800x534.jpg 800w\" sizes=\"auto, (max-width: 1000px) 100vw, 1000px\" \/><\/div><a class=\"w-gallery-item-link\" aria-label=\"Swift Aerospace Ad Hoc Needs\" href=\"https:\/\/swiftaero.com\/wp-content\/uploads\/Swift-Aerospace-Ad-Hoc-Needs-1.jpg\"><\/a><\/div><div class=\"w-gallery-item\"><div class=\"w-gallery-item-img\"><img loading=\"lazy\" decoding=\"async\" width=\"667\" height=\"1000\" src=\"https:\/\/swiftaero.com\/wp-content\/uploads\/Swift-Aerospace-Expert-Services-1.jpg\" class=\"attachment-large size-large\" alt=\"\" srcset=\"https:\/\/swiftaero.com\/wp-content\/uploads\/Swift-Aerospace-Expert-Services-1.jpg 667w, https:\/\/swiftaero.com\/wp-content\/uploads\/Swift-Aerospace-Expert-Services-1-400x600.jpg 400w, https:\/\/swiftaero.com\/wp-content\/uploads\/Swift-Aerospace-Expert-Services-1-200x300.jpg 200w, https:\/\/swiftaero.com\/wp-content\/uploads\/Swift-Aerospace-Expert-Services-1-167x250.jpg 167w, https:\/\/swiftaero.com\/wp-content\/uploads\/Swift-Aerospace-Expert-Services-1-133x200.jpg 133w, https:\/\/swiftaero.com\/wp-content\/uploads\/Swift-Aerospace-Expert-Services-1-534x800.jpg 534w\" sizes=\"auto, (max-width: 667px) 100vw, 667px\" \/><\/div><a class=\"w-gallery-item-link\" aria-label=\"Laissez-nous modifier vos fixations a\u00e9ronautiques gr\u00e2ce \u00e0 des services sp\u00e9cialis\u00e9s de finition et de placage pour r\u00e9pondre \u00e0 vos besoins.\" href=\"https:\/\/swiftaero.com\/wp-content\/uploads\/Swift-Aerospace-Expert-Services-1.jpg\"><\/a><\/div><div class=\"w-gallery-item\"><div class=\"w-gallery-item-img\"><img loading=\"lazy\" decoding=\"async\" width=\"313\" height=\"468\" src=\"https:\/\/swiftaero.com\/wp-content\/uploads\/Swift-Kit-Box-2.jpg\" class=\"attachment-large size-large\" alt=\"\" srcset=\"https:\/\/swiftaero.com\/wp-content\/uploads\/Swift-Kit-Box-2.jpg 313w, https:\/\/swiftaero.com\/wp-content\/uploads\/Swift-Kit-Box-2-201x300.jpg 201w, https:\/\/swiftaero.com\/wp-content\/uploads\/Swift-Kit-Box-2-167x250.jpg 167w, https:\/\/swiftaero.com\/wp-content\/uploads\/Swift-Kit-Box-2-134x200.jpg 134w\" sizes=\"auto, (max-width: 313px) 100vw, 313px\" \/><\/div><a class=\"w-gallery-item-link\" aria-label=\"SWIFT LOGO 04 Pantone ART\" href=\"https:\/\/swiftaero.com\/wp-content\/uploads\/Swift-Kit-Box-2.jpg\"><\/a><\/div><div class=\"w-gallery-item\"><div class=\"w-gallery-item-img\"><img loading=\"lazy\" decoding=\"async\" width=\"400\" height=\"578\" src=\"https:\/\/swiftaero.com\/wp-content\/uploads\/800x600_1291158000_Germany_Hamburg_production_2.jpg\" class=\"attachment-large size-large\" alt=\"\" srcset=\"https:\/\/swiftaero.com\/wp-content\/uploads\/800x600_1291158000_Germany_Hamburg_production_2.jpg 400w, https:\/\/swiftaero.com\/wp-content\/uploads\/800x600_1291158000_Germany_Hamburg_production_2-208x300.jpg 208w, https:\/\/swiftaero.com\/wp-content\/uploads\/800x600_1291158000_Germany_Hamburg_production_2-173x250.jpg 173w, https:\/\/swiftaero.com\/wp-content\/uploads\/800x600_1291158000_Germany_Hamburg_production_2-138x200.jpg 138w\" sizes=\"auto, (max-width: 400px) 100vw, 400px\" \/><\/div><a class=\"w-gallery-item-link\" aria-label=\"800x600_1291158000_Germany_Hamburg_production_2\" href=\"https:\/\/swiftaero.com\/wp-content\/uploads\/800x600_1291158000_Germany_Hamburg_production_2.jpg\"><\/a><\/div><div class=\"w-gallery-item\"><div class=\"w-gallery-item-img\"><img loading=\"lazy\" decoding=\"async\" width=\"1024\" height=\"691\" src=\"https:\/\/swiftaero.com\/wp-content\/uploads\/1848690.jpg\" class=\"attachment-large size-large\" alt=\"\" srcset=\"https:\/\/swiftaero.com\/wp-content\/uploads\/1848690.jpg 1024w, https:\/\/swiftaero.com\/wp-content\/uploads\/1848690-600x405.jpg 600w, https:\/\/swiftaero.com\/wp-content\/uploads\/1848690-300x202.jpg 300w, https:\/\/swiftaero.com\/wp-content\/uploads\/1848690-400x270.jpg 400w, https:\/\/swiftaero.com\/wp-content\/uploads\/1848690-250x169.jpg 250w, https:\/\/swiftaero.com\/wp-content\/uploads\/1848690-200x135.jpg 200w, https:\/\/swiftaero.com\/wp-content\/uploads\/1848690-800x540.jpg 800w\" sizes=\"auto, (max-width: 1024px) 100vw, 1024px\" \/><\/div><a class=\"w-gallery-item-link\" aria-label=\"1848690\" href=\"https:\/\/swiftaero.com\/wp-content\/uploads\/1848690.jpg\"><\/a><\/div><div class=\"w-gallery-item\"><div class=\"w-gallery-item-img\"><img loading=\"lazy\" decoding=\"async\" width=\"508\" height=\"768\" src=\"https:\/\/swiftaero.com\/wp-content\/uploads\/FAL_A320_airbus_SAS_7234.jpg\" class=\"attachment-large size-large\" alt=\"\" srcset=\"https:\/\/swiftaero.com\/wp-content\/uploads\/FAL_A320_airbus_SAS_7234.jpg 508w, https:\/\/swiftaero.com\/wp-content\/uploads\/FAL_A320_airbus_SAS_7234-397x600.jpg 397w, https:\/\/swiftaero.com\/wp-content\/uploads\/FAL_A320_airbus_SAS_7234-198x300.jpg 198w, https:\/\/swiftaero.com\/wp-content\/uploads\/FAL_A320_airbus_SAS_7234-165x250.jpg 165w, https:\/\/swiftaero.com\/wp-content\/uploads\/FAL_A320_airbus_SAS_7234-132x200.jpg 132w\" sizes=\"auto, (max-width: 508px) 100vw, 508px\" \/><\/div><a class=\"w-gallery-item-link\" aria-label=\"FAL_A320_airbus_SAS_7234\" href=\"https:\/\/swiftaero.com\/wp-content\/uploads\/FAL_A320_airbus_SAS_7234.jpg\"><\/a><\/div><div class=\"w-gallery-item\"><div class=\"w-gallery-item-img\"><img loading=\"lazy\" decoding=\"async\" width=\"504\" height=\"768\" src=\"https:\/\/swiftaero.com\/wp-content\/uploads\/FAL_A330_Airbus_JBA_03.jpg\" class=\"attachment-large size-large\" alt=\"\" srcset=\"https:\/\/swiftaero.com\/wp-content\/uploads\/FAL_A330_Airbus_JBA_03.jpg 504w, https:\/\/swiftaero.com\/wp-content\/uploads\/FAL_A330_Airbus_JBA_03-394x600.jpg 394w, https:\/\/swiftaero.com\/wp-content\/uploads\/FAL_A330_Airbus_JBA_03-197x300.jpg 197w, https:\/\/swiftaero.com\/wp-content\/uploads\/FAL_A330_Airbus_JBA_03-164x250.jpg 164w, https:\/\/swiftaero.com\/wp-content\/uploads\/FAL_A330_Airbus_JBA_03-131x200.jpg 131w\" sizes=\"auto, (max-width: 504px) 100vw, 504px\" \/><\/div><a class=\"w-gallery-item-link\" aria-label=\"FAL_A330_Airbus_JBA_03\" href=\"https:\/\/swiftaero.com\/wp-content\/uploads\/FAL_A330_Airbus_JBA_03.jpg\"><\/a><\/div><div class=\"w-gallery-item\"><div class=\"w-gallery-item-img\"><img loading=\"lazy\" decoding=\"async\" width=\"1024\" height=\"675\" src=\"https:\/\/swiftaero.com\/wp-content\/uploads\/FAL_A330_Airbus_PP_07.jpg\" class=\"attachment-large size-large\" alt=\"\" srcset=\"https:\/\/swiftaero.com\/wp-content\/uploads\/FAL_A330_Airbus_PP_07.jpg 1024w, https:\/\/swiftaero.com\/wp-content\/uploads\/FAL_A330_Airbus_PP_07-600x396.jpg 600w, https:\/\/swiftaero.com\/wp-content\/uploads\/FAL_A330_Airbus_PP_07-300x198.jpg 300w, https:\/\/swiftaero.com\/wp-content\/uploads\/FAL_A330_Airbus_PP_07-400x264.jpg 400w, https:\/\/swiftaero.com\/wp-content\/uploads\/FAL_A330_Airbus_PP_07-250x165.jpg 250w, https:\/\/swiftaero.com\/wp-content\/uploads\/FAL_A330_Airbus_PP_07-200x132.jpg 200w, https:\/\/swiftaero.com\/wp-content\/uploads\/FAL_A330_Airbus_PP_07-800x527.jpg 800w\" sizes=\"auto, (max-width: 1024px) 100vw, 1024px\" \/><\/div><a class=\"w-gallery-item-link\" aria-label=\"FAL_A330_Airbus_PP_07\" href=\"https:\/\/swiftaero.com\/wp-content\/uploads\/FAL_A330_Airbus_PP_07.jpg\"><\/a><\/div><\/div><\/div><\/div><\/div><\/div><\/div><\/div><\/section>\n","protected":false},"excerpt":{"rendered":"Galerie d&rsquo;images AccueilPagesService personnalis\u00e9, comp\u00e9tent et expert. Explorez notre galerie d&rsquo;images pour d\u00e9couvrir comment notre \u00e9quipe d\u00e9vou\u00e9e fournit un service exceptionnel, en combinant une approche personnalis\u00e9e avec une connaissance et une expertise approfondies du secteur. Nous sommes fiers d&rsquo;\u00e9tablir des relations solides avec nos clients et de leur fournir des solutions sur mesure qui r\u00e9pondent...","protected":false},"author":5,"featured_media":0,"parent":12143,"menu_order":0,"comment_status":"closed","ping_status":"closed","template":"","meta":{"_acf_changed":false,"footnotes":""},"class_list":["post-12023","page","type-page","status-publish","hentry"],"acf":[],"aioseo_notices":[],"_links":{"self":[{"href":"https:\/\/swiftaero.com\/fr\/wp-json\/wp\/v2\/pages\/12023","targetHints":{"allow":["GET"]}}],"collection":[{"href":"https:\/\/swiftaero.com\/fr\/wp-json\/wp\/v2\/pages"}],"about":[{"href":"https:\/\/swiftaero.com\/fr\/wp-json\/wp\/v2\/types\/page"}],"author":[{"embeddable":true,"href":"https:\/\/swiftaero.com\/fr\/wp-json\/wp\/v2\/users\/5"}],"replies":[{"embeddable":true,"href":"https:\/\/swiftaero.com\/fr\/wp-json\/wp\/v2\/comments?post=12023"}],"version-history":[{"count":4,"href":"https:\/\/swiftaero.com\/fr\/wp-json\/wp\/v2\/pages\/12023\/revisions"}],"predecessor-version":[{"id":16449,"href":"https:\/\/swiftaero.com\/fr\/wp-json\/wp\/v2\/pages\/12023\/revisions\/16449"}],"up":[{"embeddable":true,"href":"https:\/\/swiftaero.com\/fr\/wp-json\/wp\/v2\/pages\/12143"}],"wp:attachment":[{"href":"https:\/\/swiftaero.com\/fr\/wp-json\/wp\/v2\/media?parent=12023"}],"curies":[{"name":"wp","href":"https:\/\/api.w.org\/{rel}","templated":true}]}}